{"id":1632,"date":"2017-09-25T07:31:45","date_gmt":"2017-09-25T07:31:45","guid":{"rendered":"https:\/\/www.lime-xl.com\/contact\/"},"modified":"2017-10-19T08:11:51","modified_gmt":"2017-10-19T08:11:51","slug":"contact","status":"publish","type":"page","link":"https:\/\/www.lime-xl.com\/de\/contact\/","title":{"rendered":"contact"},"content":{"rendered":"<p>[vc_row css=&#8220;.vc_custom_1506327353725{margin-top: 40px !important;}&#8220;][vc_column width=&#8220;1\/3&#8243;][vc_column_text]<\/p>\n<h4><span style=\"font-family: zurchn; color: #333333;\">kontakt<\/span><\/h4>\n<h4><span style=\"font-family: zurchn; color: #333333;\">details<\/span><\/h4>\n<h4><span style=\"font-family: zurchn; color: #333333;\">unser standort<\/span><\/h4>\n<h4><span style=\"font-family: zurchn; color: #333333;\">e-mail\/telefon<\/span><\/h4>\n<p>&nbsp;<\/p>\n<p><span style=\"font-family: zurchn;\">lime<sup>xl<\/sup> espa\u00f1a<br \/>\ngravina, 24<br \/>\n28004 madrid<br \/>\n<span \n                data-original-string=\"zu8XkkWg8plfnQhoX1stCTp+gLhJV6WBXd7Psw\/a0UU=\"\n                class=\"apbct-email-encoder\"\n                title=\"Dieser Kontakt wurde von Anti-Spam by CleanTalk verschl\u00fcsselt. Klicken Sie hier, um ihn zu entschl\u00fcsseln. Um die Entschl\u00fcsselung abzuschlie\u00dfen, stellen Sie sicher, dass JavaScript in Ihrem Browser aktiviert ist.\">ma**@li*****.com<\/span><br \/>\n+34.91.524 13 30<\/span><br \/>\n&nbsp;<br \/>\n<span style=\"font-family: zurchn;\">lime<sup>xl<\/sup> deutschland<br \/>\nam kandelborn, 11<br \/>\n64354 reinheim \/ darmstadt<br \/>\n<span \n                data-original-string=\"zu8XkkWg8plfnQhoX1stCTp+gLhJV6WBXd7Psw\/a0UU=\"\n                class=\"apbct-email-encoder\"\n                title=\"Dieser Kontakt wurde von Anti-Spam by CleanTalk verschl\u00fcsselt. Klicken Sie hier, um ihn zu entschl\u00fcsseln. Um die Entschl\u00fcsselung abzuschlie\u00dfen, stellen Sie sicher, dass JavaScript in Ihrem Browser aktiviert ist.\">ma**@li*****.com<\/span><br \/>\n+49.(0)6162.96 92 289<\/span>[\/vc_column_text][\/vc_column][vc_column width=&#8220;2\/3&#8243;]<div role=\"form\" class=\"wpcf7\" id=\"wpcf7-f1781-o1\" lang=\"de-DE\" dir=\"ltr\">\n<div class=\"screen-reader-response\"><\/div>\n<form action=\"\/de\/wp-json\/wp\/v2\/pages\/1632#wpcf7-f1781-o1\" method=\"post\" class=\"wpcf7-form wpcf7-acceptance-as-validation\" novalidate=\"novalidate\">\n<div style=\"display: none;\">\n<input type=\"hidden\" name=\"_wpcf7\" value=\"1781\" \/>\n<input type=\"hidden\" name=\"_wpcf7_version\" value=\"5.1.1\" \/>\n<input type=\"hidden\" name=\"_wpcf7_locale\" value=\"de_DE\" \/>\n<input type=\"hidden\" name=\"_wpcf7_unit_tag\" value=\"wpcf7-f1781-o1\" \/>\n<input type=\"hidden\" name=\"_wpcf7_container_post\" value=\"0\" \/>\n<input type=\"hidden\" name=\"g-recaptcha-response\" value=\"\" \/>\n<\/div>\n<div class=\"row\">\n<div class=\"col-xs-12 col-sm-6\"><label ><span class=\"wpcf7-form-control-wrap your-name\"><input type=\"text\" name=\"your-name\" value=\"\" size=\"40\" class=\"wpcf7-form-control wpcf7-text wpcf7-validates-as-required\" aria-required=\"true\" aria-invalid=\"false\" placeholder=\"name\" \/><\/span><br \/>\n<\/label><\/div>\n<div class=\"col-xs-12 col-sm-6\"><label><span class=\"wpcf7-form-control-wrap your-phone\"><input type=\"tel\" name=\"your-phone\" value=\"\" size=\"40\" class=\"wpcf7-form-control wpcf7-text wpcf7-tel wpcf7-validates-as-required wpcf7-validates-as-tel\" aria-required=\"true\" aria-invalid=\"false\" placeholder=\"telefon\" \/><\/span><\/label><\/div>\n<\/div>\n<p><label><span class=\"wpcf7-form-control-wrap your-email\"><input type=\"email\" name=\"your-email\" value=\"\" size=\"40\" class=\"wpcf7-form-control wpcf7-text wpcf7-email wpcf7-validates-as-required wpcf7-validates-as-email\" aria-required=\"true\" aria-invalid=\"false\" placeholder=\"email\" \/><\/span> <\/label><br \/>\n<label><span class=\"wpcf7-form-control-wrap your-message\"><textarea name=\"your-message\" cols=\"40\" rows=\"10\" class=\"wpcf7-form-control wpcf7-textarea wpcf7-validates-as-required\" aria-required=\"true\" aria-invalid=\"false\" placeholder=\"nachricht\"><\/textarea><\/span> <\/label><br \/>\n<input type=\"submit\" value=\"senden\" class=\"wpcf7-form-control wpcf7-submit\" \/><\/p>\n<input type=\"hidden\" id=\"ct_checkjs_cf7_819f46e52c25763a55cc642422644317\" name=\"ct_checkjs_cf7\" value=\"0\" \/><script >setTimeout(function(){var ct_input_name = \"ct_checkjs_cf7_819f46e52c25763a55cc642422644317\";if (document.getElementById(ct_input_name) !== null) {var ct_input_value = document.getElementById(ct_input_name).value;document.getElementById(ct_input_name).value = document.getElementById(ct_input_name).value.replace(ct_input_value, '2266dd7696167179e380cad2b0cabb9d3698befe8c9bf2a58d9ee90d173324ad');}}, 1000);<\/script><label class=\"apbct_special_field\" id=\"apbct_label_id69195\" for=\"apbct__email_id__wp_contact_form_7_69195\">69195<\/label><input \n        id=\"apbct__email_id__wp_contact_form_7_69195\" \n        class=\"apbct_special_field apbct__email_id__wp_contact_form_7\"\n        autocomplete=\"off\" \n        name=\"apbct__email_id__wp_contact_form_7_69195\"  \n        type=\"text\" \n        value=\"69195\" \n        size=\"30\" \n        apbct_event_id=\"69195\"\n        maxlength=\"200\" \n    \/><input \n        id=\"apbct_event_id_wp_contact_form_7_69195\"\n        class=\"apbct_special_field\"\n        name=\"apbct_event_id\"\n        type=\"hidden\" \n        value=\"69195\" \n            \/><div class=\"wpcf7-response-output wpcf7-display-none\"><\/div><\/form><\/div>[\/vc_column][\/vc_row][vc_row][vc_column width=&#8220;1\/2&#8243;][vc_gmaps link=&#8220;#E-8_JTNDaWZyYW1lJTIwc3JjJTNEJTIyaHR0cHMlM0ElMkYlMkZ3d3cuZ29vZ2xlLmNvbSUyRm1hcHMlMkZlbWJlZCUzRnBiJTNEJTIxMW0xOCUyMTFtMTIlMjExbTMlMjExZDMwMzcuMzgxMTA3OTM1MDU3JTIxMmQtMy42OTgxMjgzNDg5MjMyNjE1JTIxM2Q0MC40MjI1NTkyNjMxMDc0MSUyMTJtMyUyMTFmMCUyMTJmMCUyMTNmMCUyMTNtMiUyMTFpMTAyNCUyMTJpNzY4JTIxNGYxMy4xJTIxM20zJTIxMW0yJTIxMXMweGQ0MjI4ODU5YTgxZDlkOSUyNTNBMHg4NTA3NDcyMmI3YmJhNTJkJTIxMnNsaW1lWEwlMkJjb21tdW5pY2F0aW9uJTIxNWUwJTIxM20yJTIxMXNlbiUyMTJzZGUlMjE0djE1MDY0MjA2MDAxMjIlMjIlMjB3aWR0aCUzRCUyMjYwMCUyMiUyMGhlaWdodCUzRCUyMjQ1MCUyMiUyMGZyYW1lYm9yZGVyJTNEJTIyMCUyMiUyMHN0eWxlJTNEJTIyYm9yZGVyJTNBMCUyMiUyMGFsbG93ZnVsbHNjcmVlbiUzRSUzQyUyRmlmcmFtZSUzRQ==&#8220;][\/vc_column][vc_column width=&#8220;1\/2&#8243;][vc_gmaps link=&#8220;#E-8_JTNDaWZyYW1lJTIwc3JjJTNEJTIyaHR0cHMlM0ElMkYlMkZ3d3cuZ29vZ2xlLmNvbSUyRm1hcHMlMkZlbWJlZCUzRnBiJTNEJTIxMW0xOCUyMTFtMTIlMjExbTMlMjExZDI1NzMuOTk4NTM3ODc0NTEyNyUyMTJkOC44MjM4NzI3MTYwNDY2NzYlMjEzZDQ5LjgyMzY5MjY3OTM5MzgzJTIxMm0zJTIxMWYwJTIxMmYwJTIxM2YwJTIxM20yJTIxMWkxMDI0JTIxMmk3NjglMjE0ZjEzLjElMjEzbTMlMjExbTIlMjExczB4NDdiZDY2NDY1M2UwMGMwYiUyNTNBMHhjNTdjNWYyM2M5YzhlOTk0JTIxMnNBbSUyQkthbmRlbGJvcm4lMkIxMSUyNTJDJTJCNjQzNTQlMkJSZWluaGVpbSUyNTJDJTJCQWxlbWFuaWElMjE1ZTAlMjEzbTIlMjExc2VzJTIxMnNlcyUyMTR2MTUwMTYwMDMyOTQ1NiUyMiUyMHN0eWxlJTNEJTIyYm9yZGVyJTNBMCUyMiUyMGFsbG93ZnVsbHNjcmVlbiUzRCUyMiUyMiUyMGZyYW1lYm9yZGVyJTNEJTIyMCUyMiUyMHdpZHRoJTNEJTIyNTUwJTIyJTIwaGVpZ2h0JTNEJTIyNDUwJTIyJTNFJTNDJTJGaWZyYW1lJTNF&#8220;][\/vc_column][\/vc_row]<\/p>","protected":false},"excerpt":{"rendered":"<p>[vc_row css=&#8220;.vc_custom_1506327353725{margin-top: 40px !important;}&#8220;][vc_column width=&#8220;1\/3&#8243;][vc_column_text] kontakt details unser standort e-mail\/telefon &nbsp; limexl espa\u00f1a gravina, 24 28004 madrid ma**@li*****.com +34.91.524 13 [&hellip;]<\/p>\n","protected":false},"author":2,"featured_media":0,"parent":0,"menu_order":26,"comment_status":"closed","ping_status":"closed","template":"","meta":{"footnotes":""},"class_list":["post-1632","page","type-page","status-publish","hentry"],"_links":{"self":[{"href":"https:\/\/www.lime-xl.com\/de\/wp-json\/wp\/v2\/pages\/1632"}],"collection":[{"href":"https:\/\/www.lime-xl.com\/de\/wp-json\/wp\/v2\/pages"}],"about":[{"href":"https:\/\/www.lime-xl.com\/de\/wp-json\/wp\/v2\/types\/page"}],"author":[{"embeddable":true,"href":"https:\/\/www.lime-xl.com\/de\/wp-json\/wp\/v2\/users\/2"}],"replies":[{"embeddable":true,"href":"https:\/\/www.lime-xl.com\/de\/wp-json\/wp\/v2\/comments?post=1632"}],"version-history":[{"count":9,"href":"https:\/\/www.lime-xl.com\/de\/wp-json\/wp\/v2\/pages\/1632\/revisions"}],"predecessor-version":[{"id":1900,"href":"https:\/\/www.lime-xl.com\/de\/wp-json\/wp\/v2\/pages\/1632\/revisions\/1900"}],"wp:attachment":[{"href":"https:\/\/www.lime-xl.com\/de\/wp-json\/wp\/v2\/media?parent=1632"}],"curies":[{"name":"wp","href":"https:\/\/api.w.org\/{rel}","templated":true}]}}